{"id":13,"date":"2021-05-14T19:54:04","date_gmt":"2021-05-15T00:54:04","guid":{"rendered":"http:\/\/sidsmovil.ufps.edu.co\/sidsmovil\/?page_id=13"},"modified":"2021-05-15T19:05:20","modified_gmt":"2021-05-16T00:05:20","slug":"layout","status":"publish","type":"page","link":"https:\/\/sidsmovil.ufps.edu.co\/?page_id=13","title":{"rendered":""},"content":{"rendered":"<h4><span style=\"color: #000000;\"><strong>Misi\u00f3n<\/strong><\/span><\/h4>\n<p>El Semillero de Investigaci\u00f3n del Software M\u00f3vil de la Universidad Francisco de Paula Santander\u00a0 tiene como misi\u00f3n incentivar la iniciaci\u00f3n a la vida\u00a0 cient\u00edfico investigativa e innovaci\u00f3n tecnol\u00f3gica, entre los estudiantes de pregrado y profesionales interesados en participar en actividades de investigaci\u00f3n que complementen su formaci\u00f3n profesional, creando espacios\u00a0 de intercambio de conocimientos para a estudiar y asimilar las tecnolog\u00edas emergentes con el fin de promover el desarrollo de aplicaciones m\u00f3viles, buscando formar\u00a0 los futuros integrantes de grupos de investigaci\u00f3n con capacidades de liderazgo, comprometidos y motivados por querer saber m\u00e1s y contribuir en el desarrollo de la regi\u00f3n.<\/p>\n<h4><strong>Visi\u00f3n<\/strong><\/h4>\n<p>El Semillero de Investigaci\u00f3n de Desarrollo de software m\u00f3vil de la Universidad Francisco de Paula Santander se proyecta como una importante alternativa de formaci\u00f3n en investigaci\u00f3n e innovaci\u00f3n tecnol\u00f3gica para los estudiantes de pregrado\u00a0 y profesionales con expectativas de aprendizaje\u00a0 en el desarrollo de software m\u00f3vil, que propiciara la vinculaci\u00f3n a grupos de investigaci\u00f3n.<\/p>\n<h4><strong>L\u00edneas<\/strong><\/h4>\n<ul>\n<li>Ingenier\u00eda del Software aplicada en dispositivos m\u00f3viles.<\/li>\n<li>Para la educaci\u00f3n, agricultura, ingenier\u00eda, salud, transporte p\u00fablico.<\/li>\n<li>Iot.<\/li>\n<\/ul>\n\n\n<p><\/p>\n","protected":false},"excerpt":{"rendered":"<p>Misi\u00f3n El Semillero de Investigaci\u00f3n del Software M\u00f3vil de la Universidad Francisco de Paula Santander\u00a0 tiene como misi\u00f3n incentivar la<\/p>\n","protected":false},"author":1,"featured_media":0,"parent":0,"menu_order":0,"comment_status":"closed","ping_status":"closed","template":"","meta":[],"_links":{"self":[{"href":"https:\/\/sidsmovil.ufps.edu.co\/index.php?rest_route=\/wp\/v2\/pages\/13"}],"collection":[{"href":"https:\/\/sidsmovil.ufps.edu.co\/index.php?rest_route=\/wp\/v2\/pages"}],"about":[{"href":"https:\/\/sidsmovil.ufps.edu.co\/index.php?rest_route=\/wp\/v2\/types\/page"}],"author":[{"embeddable":true,"href":"https:\/\/sidsmovil.ufps.edu.co\/index.php?rest_route=\/wp\/v2\/users\/1"}],"replies":[{"embeddable":true,"href":"https:\/\/sidsmovil.ufps.edu.co\/index.php?rest_route=%2Fwp%2Fv2%2Fcomments&post=13"}],"version-history":[{"count":3,"href":"https:\/\/sidsmovil.ufps.edu.co\/index.php?rest_route=\/wp\/v2\/pages\/13\/revisions"}],"predecessor-version":[{"id":41,"href":"https:\/\/sidsmovil.ufps.edu.co\/index.php?rest_route=\/wp\/v2\/pages\/13\/revisions\/41"}],"wp:attachment":[{"href":"https:\/\/sidsmovil.ufps.edu.co\/index.php?rest_route=%2Fwp%2Fv2%2Fmedia&parent=13"}],"curies":[{"name":"wp","href":"https:\/\/api.w.org\/{rel}","templated":true}]}}