{"id":14,"date":"2021-05-14T19:54:04","date_gmt":"2021-05-15T00:54:04","guid":{"rendered":"http:\/\/sidsmovil.ufps.edu.co\/sidsmovil\/?page_id=14"},"modified":"2021-05-14T19:54:04","modified_gmt":"2021-05-15T00:54:04","slug":"contacto","status":"publish","type":"page","link":"https:\/\/sidsmovil.ufps.edu.co\/?page_id=14","title":{"rendered":"Contacto"},"content":{"rendered":"\n<p>Esta es una p\u00e1gina con informaci\u00f3n de contacto b\u00e1sica, como la direcci\u00f3n y el n\u00famero de tel\u00e9fono. Incluso puedes probar un plugin para a\u00f1adir un formulario de contacto.<\/p>\n","protected":false},"excerpt":{"rendered":"<p>Esta es una p\u00e1gina con informaci\u00f3n de contacto b\u00e1sica, como la direcci\u00f3n y el n\u00famero de tel\u00e9fono. Incluso puedes probar<\/p>\n","protected":false},"author":1,"featured_media":0,"parent":0,"menu_order":0,"comment_status":"closed","ping_status":"closed","template":"page-templates\/contact.php","meta":[],"_links":{"self":[{"href":"https:\/\/sidsmovil.ufps.edu.co\/index.php?rest_route=\/wp\/v2\/pages\/14"}],"collection":[{"href":"https:\/\/sidsmovil.ufps.edu.co\/index.php?rest_route=\/wp\/v2\/pages"}],"about":[{"href":"https:\/\/sidsmovil.ufps.edu.co\/index.php?rest_route=\/wp\/v2\/types\/page"}],"author":[{"embeddable":true,"href":"https:\/\/sidsmovil.ufps.edu.co\/index.php?rest_route=\/wp\/v2\/users\/1"}],"replies":[{"embeddable":true,"href":"https:\/\/sidsmovil.ufps.edu.co\/index.php?rest_route=%2Fwp%2Fv2%2Fcomments&post=14"}],"version-history":[{"count":1,"href":"https:\/\/sidsmovil.ufps.edu.co\/index.php?rest_route=\/wp\/v2\/pages\/14\/revisions"}],"predecessor-version":[{"id":22,"href":"https:\/\/sidsmovil.ufps.edu.co\/index.php?rest_route=\/wp\/v2\/pages\/14\/revisions\/22"}],"wp:attachment":[{"href":"https:\/\/sidsmovil.ufps.edu.co\/index.php?rest_route=%2Fwp%2Fv2%2Fmedia&parent=14"}],"curies":[{"name":"wp","href":"https:\/\/api.w.org\/{rel}","templated":true}]}}